{"id":48,"date":"2014-03-06T08:23:19","date_gmt":"2014-03-06T08:23:19","guid":{"rendered":"http:\/\/noidellalombardia.it\/cms\/?page_id=48"},"modified":"2026-01-13T15:32:48","modified_gmt":"2026-01-13T15:32:48","slug":"prossimi-appuntamenti","status":"publish","type":"page","link":"https:\/\/noidellalombardia.it\/cms\/prossimi-appuntamenti\/","title":{"rendered":"Comunicati"},"content":{"rendered":"<style type=\"text\/css\">\n\t<!--\n\t\t@page { margin: 2cm }\n\t\tP { margin-bottom: 0.21cm }\n\t-->\n\t<\/style>\n<p align=\"JUSTIFY\"><span style=\"font-family: 'Times New Roman', serif;\"><span style=\"font-size: large;\">L\u2019associazione Noi della Lombardia X Legnano continua il suo percorso di informazione ai cittadini si parte con due appuntamenti:<\/span><\/span><\/p>\n<p align=\"JUSTIFY\"><strong><span style=\"font-family: 'Times New Roman', serif;\"><span style=\"font-size: large;\">sabato 22 ottobre dalle ore 9,00 alle ore 13,00 in Piazza Mercato<\/span><\/span><\/strong><\/p>\n<p align=\"JUSTIFY\"><strong><span style=\"font-family: 'Times New Roman', serif;\"><span style=\"font-size: large;\">domenica 23 ottobre dalle ore 14,30 alle ore 19,30 in Piazza San Magno<\/span><\/span><\/strong><\/p>\n<p align=\"JUSTIFY\"><span style=\"font-family: 'Times New Roman', serif;\"><span style=\"font-size: large;\">questi primi appuntamenti sono volti al coinvolgimento dei cittadini in merito alle prossime attivit\u00e0 dell\u2019associazione Noi della Lombardia, ascoltando pareri e opinioni sul passato e sul futuro della nostra citt\u00e0. Verr\u00e0 data altres\u00ec comunicazione di un prossimo evento relativo al Referendum sulla Riforma Costituzionale. <\/span><\/span><\/p>\n","protected":false},"excerpt":{"rendered":"<div class=\"mh-excerpt\"><p>L\u2019associazione Noi della Lombardia X Legnano continua il suo percorso di informazione ai cittadini si parte con due appuntamenti: sabato 22 ottobre dalle ore 9,00 <a class=\"mh-excerpt-more\" href=\"https:\/\/noidellalombardia.it\/cms\/prossimi-appuntamenti\/\" title=\"Comunicati\">[&#8230;]<\/a><\/p>\n<\/div>","protected":false},"author":3,"featured_media":0,"parent":0,"menu_order":0,"comment_status":"closed","ping_status":"closed","template":"","meta":{"footnotes":""},"class_list":["post-48","page","type-page","status-publish","hentry"],"yoast_head":"<!-- This site is optimized with the Yoast SEO plugin v26.7 - https:\/\/yoast.com\/wordpress\/plugins\/seo\/ -->\n<title>Comunicati - noidellalombardia.it<\/title>\n<meta name=\"robots\" content=\"index, follow, max-snippet:-1, max-image-preview:large, max-video-preview:-1\" \/>\n<link rel=\"canonical\" href=\"https:\/\/noidellalombardia.it\/cms\/prossimi-appuntamenti\/\" \/>\n<meta property=\"og:locale\" content=\"it_IT\" \/>\n<meta property=\"og:type\" content=\"article\" \/>\n<meta property=\"og:title\" content=\"Comunicati - noidellalombardia.it\" \/>\n<meta property=\"og:description\" content=\"L\u2019associazione Noi della Lombardia X Legnano continua il suo percorso di informazione ai cittadini si parte con due appuntamenti: sabato 22 ottobre dalle ore 9,00 [...]\" \/>\n<meta property=\"og:url\" content=\"https:\/\/noidellalombardia.it\/cms\/prossimi-appuntamenti\/\" \/>\n<meta property=\"og:site_name\" content=\"noidellalombardia.it\" \/>\n<meta property=\"article:modified_time\" content=\"2026-01-13T15:32:48+00:00\" \/>\n<script type=\"application\/ld+json\" class=\"yoast-schema-graph\">{\"@context\":\"https:\/\/schema.org\",\"@graph\":[{\"@type\":\"WebPage\",\"@id\":\"https:\/\/noidellalombardia.it\/cms\/prossimi-appuntamenti\/\",\"url\":\"https:\/\/noidellalombardia.it\/cms\/prossimi-appuntamenti\/\",\"name\":\"Comunicati - noidellalombardia.it\",\"isPartOf\":{\"@id\":\"https:\/\/noidellalombardia.it\/cms\/#website\"},\"datePublished\":\"2014-03-06T08:23:19+00:00\",\"dateModified\":\"2026-01-13T15:32:48+00:00\",\"inLanguage\":\"it-IT\",\"potentialAction\":[{\"@type\":\"ReadAction\",\"target\":[\"https:\/\/noidellalombardia.it\/cms\/prossimi-appuntamenti\/\"]}]},{\"@type\":\"WebSite\",\"@id\":\"https:\/\/noidellalombardia.it\/cms\/#website\",\"url\":\"https:\/\/noidellalombardia.it\/cms\/\",\"name\":\"noidellalombardia.it\",\"description\":\"NOI DELLA LOMBARDIA\",\"potentialAction\":[{\"@type\":\"SearchAction\",\"target\":{\"@type\":\"EntryPoint\",\"urlTemplate\":\"https:\/\/noidellalombardia.it\/cms\/?s={search_term_string}\"},\"query-input\":{\"@type\":\"PropertyValueSpecification\",\"valueRequired\":true,\"valueName\":\"search_term_string\"}}],\"inLanguage\":\"it-IT\"}]}<\/script>\n<!-- \/ Yoast SEO plugin. -->","yoast_head_json":{"title":"Comunicati - noidellalombardia.it","robots":{"index":"index","follow":"follow","max-snippet":"max-snippet:-1","max-image-preview":"max-image-preview:large","max-video-preview":"max-video-preview:-1"},"canonical":"https:\/\/noidellalombardia.it\/cms\/prossimi-appuntamenti\/","og_locale":"it_IT","og_type":"article","og_title":"Comunicati - noidellalombardia.it","og_description":"L\u2019associazione Noi della Lombardia X Legnano continua il suo percorso di informazione ai cittadini si parte con due appuntamenti: sabato 22 ottobre dalle ore 9,00 [...]","og_url":"https:\/\/noidellalombardia.it\/cms\/prossimi-appuntamenti\/","og_site_name":"noidellalombardia.it","article_modified_time":"2026-01-13T15:32:48+00:00","schema":{"@context":"https:\/\/schema.org","@graph":[{"@type":"WebPage","@id":"https:\/\/noidellalombardia.it\/cms\/prossimi-appuntamenti\/","url":"https:\/\/noidellalombardia.it\/cms\/prossimi-appuntamenti\/","name":"Comunicati - noidellalombardia.it","isPartOf":{"@id":"https:\/\/noidellalombardia.it\/cms\/#website"},"datePublished":"2014-03-06T08:23:19+00:00","dateModified":"2026-01-13T15:32:48+00:00","inLanguage":"it-IT","potentialAction":[{"@type":"ReadAction","target":["https:\/\/noidellalombardia.it\/cms\/prossimi-appuntamenti\/"]}]},{"@type":"WebSite","@id":"https:\/\/noidellalombardia.it\/cms\/#website","url":"https:\/\/noidellalombardia.it\/cms\/","name":"noidellalombardia.it","description":"NOI DELLA LOMBARDIA","potentialAction":[{"@type":"SearchAction","target":{"@type":"EntryPoint","urlTemplate":"https:\/\/noidellalombardia.it\/cms\/?s={search_term_string}"},"query-input":{"@type":"PropertyValueSpecification","valueRequired":true,"valueName":"search_term_string"}}],"inLanguage":"it-IT"}]}},"_links":{"self":[{"href":"https:\/\/noidellalombardia.it\/cms\/wp-json\/wp\/v2\/pages\/48","targetHints":{"allow":["GET"]}}],"collection":[{"href":"https:\/\/noidellalombardia.it\/cms\/wp-json\/wp\/v2\/pages"}],"about":[{"href":"https:\/\/noidellalombardia.it\/cms\/wp-json\/wp\/v2\/types\/page"}],"author":[{"embeddable":true,"href":"https:\/\/noidellalombardia.it\/cms\/wp-json\/wp\/v2\/users\/3"}],"replies":[{"embeddable":true,"href":"https:\/\/noidellalombardia.it\/cms\/wp-json\/wp\/v2\/comments?post=48"}],"version-history":[{"count":3,"href":"https:\/\/noidellalombardia.it\/cms\/wp-json\/wp\/v2\/pages\/48\/revisions"}],"predecessor-version":[{"id":253,"href":"https:\/\/noidellalombardia.it\/cms\/wp-json\/wp\/v2\/pages\/48\/revisions\/253"}],"wp:attachment":[{"href":"https:\/\/noidellalombardia.it\/cms\/wp-json\/wp\/v2\/media?parent=48"}],"curies":[{"name":"wp","href":"https:\/\/api.w.org\/{rel}","templated":true}]}}